{"id":31,"date":"2020-02-15T15:07:29","date_gmt":"2020-02-15T14:07:29","guid":{"rendered":"http:\/\/ferme-vieux-copains.fr\/?page_id=31"},"modified":"2024-10-10T11:36:49","modified_gmt":"2024-10-10T09:36:49","slug":"plants-de-legumes","status":"publish","type":"page","link":"https:\/\/ferme-vieux-copains.fr\/?page_id=31","title":{"rendered":"PLANTS DE LEGUMES"},"content":{"rendered":"\n<p>Nous \u00e9laborons tous nos plants de l\u00e9gumes, fleurs et aromates pour la ferme. Nous souhaitions avoir des semences de vari\u00e9t\u00e9s anciennes, biologique et reproductibles (non F1). Les plants sont d\u00e9marr\u00e9s dans la serre p\u00e9pini\u00e8re qui est non chauff\u00e9e. L&rsquo;objectif est que les plants s&rsquo;acclimatent d\u00e8s leur naissance et qu&rsquo;ils se renforcent naturellement.<\/p>\n\n\n\n<figure class=\"wp-block-image size-large\"><img decoding=\"async\" src=\"https:\/\/ferme-vieux-copains.fr\/wp-content\/uploads\/2020\/02\/DSCN7639-min-1024x768.jpg\" alt=\"\" class=\"wp-image-51\"\/><\/figure>\n\n\n\n<p>Nous proposons \u00e9galement aux particuliers des plants bio d&rsquo;avril \u00e0 fin mai.<\/p>\n\n\n\n<p>Notre gamme de plants :<\/p>\n\n\n\n<ul class=\"wp-block-list\">\n<li>Tomates<\/li>\n\n\n\n<li>Tomates Cerises<\/li>\n\n\n\n<li>Aubergines<\/li>\n\n\n\n<li>Poivrons<\/li>\n\n\n\n<li>Courgettes<\/li>\n\n\n\n<li>Cornichons<\/li>\n\n\n\n<li>Concombres<\/li>\n\n\n\n<li>Melons<\/li>\n\n\n\n<li>Courges<\/li>\n<\/ul>\n\n\n\n<p>Les Fleurs :<\/p>\n\n\n\n<ul class=\"wp-block-list\">\n<li>Souci des Jardins<\/li>\n\n\n\n<li>Zinnia<\/li>\n\n\n\n<li>Immortelle<\/li>\n\n\n\n<li>Etc&#8230;<\/li>\n<\/ul>\n\n\n\n<figure class=\"wp-block-image size-large\"><img decoding=\"async\" src=\"https:\/\/ferme-vieux-copains.fr\/wp-content\/uploads\/2020\/02\/DSCN7570-min-1024x768.jpg\" alt=\"\" class=\"wp-image-52\"\/><\/figure>\n\n\n\n<p><\/p>\n","protected":false},"excerpt":{"rendered":"<p>Nous \u00e9laborons tous nos plants de l\u00e9gumes, fleurs et aromates pour la ferme. Nous souhaitions avoir des semences de vari\u00e9t\u00e9s anciennes, biologique et reproductibles (non F1). Les plants sont d\u00e9marr\u00e9s dans la serre p\u00e9pini\u00e8re qui est non chauff\u00e9e. L&rsquo;objectif est que les plants s&rsquo;acclimatent d\u00e8s leur naissance et qu&rsquo;ils se renforcent naturellement. Nous proposons \u00e9galement&hellip;<a href=\"https:\/\/ferme-vieux-copains.fr\/?page_id=31\" class=\"more-link\">Continue reading <span class=\"screen-reader-text\">PLANTS DE LEGUMES<\/span><\/a><\/p>\n","protected":false},"author":1,"featured_media":0,"parent":0,"menu_order":0,"comment_status":"closed","ping_status":"closed","template":"","meta":{"footnotes":""},"class_list":["post-31","page","type-page","status-publish","hentry"],"jetpack_sharing_enabled":true,"_links":{"self":[{"href":"https:\/\/ferme-vieux-copains.fr\/index.php?rest_route=\/wp\/v2\/pages\/31","targetHints":{"allow":["GET"]}}],"collection":[{"href":"https:\/\/ferme-vieux-copains.fr\/index.php?rest_route=\/wp\/v2\/pages"}],"about":[{"href":"https:\/\/ferme-vieux-copains.fr\/index.php?rest_route=\/wp\/v2\/types\/page"}],"author":[{"embeddable":true,"href":"https:\/\/ferme-vieux-copains.fr\/index.php?rest_route=\/wp\/v2\/users\/1"}],"replies":[{"embeddable":true,"href":"https:\/\/ferme-vieux-copains.fr\/index.php?rest_route=%2Fwp%2Fv2%2Fcomments&post=31"}],"version-history":[{"count":8,"href":"https:\/\/ferme-vieux-copains.fr\/index.php?rest_route=\/wp\/v2\/pages\/31\/revisions"}],"predecessor-version":[{"id":560,"href":"https:\/\/ferme-vieux-copains.fr\/index.php?rest_route=\/wp\/v2\/pages\/31\/revisions\/560"}],"wp:attachment":[{"href":"https:\/\/ferme-vieux-copains.fr\/index.php?rest_route=%2Fwp%2Fv2%2Fmedia&parent=31"}],"curies":[{"name":"wp","href":"https:\/\/api.w.org\/{rel}","templated":true}]}}