{"id":27,"date":"2020-02-15T15:07:24","date_gmt":"2020-02-15T14:07:24","guid":{"rendered":"http:\/\/ferme-vieux-copains.fr\/?page_id=27"},"modified":"2024-10-10T11:39:01","modified_gmt":"2024-10-10T09:39:01","slug":"qui-sommes-nous","status":"publish","type":"page","link":"https:\/\/ferme-vieux-copains.fr\/?page_id=27","title":{"rendered":"QUI SOMMES NOUS ?"},"content":{"rendered":"\n<p>Nous sommes Lucie et Johan en couple depuis 25 ans. Nous avons deux gar\u00e7ons, Nolan et Ewen qui ont 11 et 7 ans.<\/p>\n\n\n\n<figure class=\"wp-block-gallery has-nested-images columns-default is-cropped wp-block-gallery-1 is-layout-flex wp-block-gallery-is-layout-flex\">\n<figure class=\"wp-block-image size-large\"><img loading=\"lazy\" decoding=\"async\" width=\"800\" height=\"600\" data-id=\"145\" src=\"https:\/\/ferme-vieux-copains.fr\/wp-content\/uploads\/2020\/03\/NOUS4.jpg\" alt=\"\" class=\"wp-image-145\" srcset=\"https:\/\/ferme-vieux-copains.fr\/wp-content\/uploads\/2020\/03\/NOUS4.jpg 800w, https:\/\/ferme-vieux-copains.fr\/wp-content\/uploads\/2020\/03\/NOUS4-600x450.jpg 600w, https:\/\/ferme-vieux-copains.fr\/wp-content\/uploads\/2020\/03\/NOUS4-300x225.jpg 300w, https:\/\/ferme-vieux-copains.fr\/wp-content\/uploads\/2020\/03\/NOUS4-768x576.jpg 768w, https:\/\/ferme-vieux-copains.fr\/wp-content\/uploads\/2020\/03\/NOUS4-750x563.jpg 750w\" sizes=\"auto, (max-width: 800px) 100vw, 800px\" \/><figcaption class=\"wp-element-caption\">smacap_BFace<\/figcaption><\/figure>\n<\/figure>\n\n\n\n<p>Nous avons parcouru le monde du travail sans r\u00e9ussir \u00e0 trouver un sens \u00e0 nos vie. Avant l&rsquo;arriv\u00e9 de notre premier enfant, nous avons commencer \u00e0 changer nos modes de consommation, bio et local.<\/p>\n\n\n\n<p>C&rsquo;est alors que notre projet \u00e0 commencer \u00e0 prendre forme, cr\u00e9er une ferme inspir\u00e9e de la philosophie permaculturelle. Johan a entrepris un BPREA \u00e0 la chambre d\u2019agriculture de Nantes en 2014. Suite \u00e0 son dipl\u00f4me, il a \u00e9t\u00e9 se former chez un mara\u00eecher bio \u00e0 Corsept pendant 3 ans.<\/p>\n\n\n\n<p>Pour ma part, \u00e9tant adolescente, j&rsquo;aurais souhaitez m&rsquo;orienter vers l&rsquo;agriculture mais n&rsquo;ayant aucune base familiale dans ce domaine, je me suis orient\u00e9e vers la comptabilit\u00e9. Apr\u00e8s plusieurs exp\u00e9riences dans ce domaine, il me paraissait \u00e9vident de changer d&rsquo;orientation et de revenir \u00e0 la terre. <\/p>\n\n\n\n<p>Nous souhaitions trouver des terres en Pays de Retz, dans cette r\u00e9gion bocag\u00e8re pr\u00e9serv\u00e9 des grandes cultures intensives. Nous avons acquis fin 2017 7ha de terres au lieu dit La vin\u00e7onni\u00e8re \u00e0 Chaumes-en-Retz.<\/p>\n\n\n\n<figure class=\"wp-block-gallery has-nested-images columns-default is-cropped wp-block-gallery-2 is-layout-flex wp-block-gallery-is-layout-flex\">\n<figure class=\"wp-block-image size-large\"><img loading=\"lazy\" decoding=\"async\" width=\"700\" height=\"933\" data-id=\"129\" src=\"https:\/\/ferme-vieux-copains.fr\/wp-content\/uploads\/2020\/03\/NOUS1.jpg\" alt=\"\" class=\"wp-image-129\" srcset=\"https:\/\/ferme-vieux-copains.fr\/wp-content\/uploads\/2020\/03\/NOUS1.jpg 700w, https:\/\/ferme-vieux-copains.fr\/wp-content\/uploads\/2020\/03\/NOUS1-600x800.jpg 600w, https:\/\/ferme-vieux-copains.fr\/wp-content\/uploads\/2020\/03\/NOUS1-225x300.jpg 225w\" sizes=\"auto, (max-width: 700px) 100vw, 700px\" \/><figcaption class=\"wp-element-caption\">cof<\/figcaption><\/figure>\n<\/figure>\n\n\n\n<figure class=\"wp-block-image size-large\"><img loading=\"lazy\" decoding=\"async\" width=\"700\" height=\"933\" src=\"http:\/\/ferme-vieux-copains.fr\/wp-content\/uploads\/2020\/03\/NOUS2.jpg\" alt=\"\" class=\"wp-image-128\" srcset=\"https:\/\/ferme-vieux-copains.fr\/wp-content\/uploads\/2020\/03\/NOUS2.jpg 700w, https:\/\/ferme-vieux-copains.fr\/wp-content\/uploads\/2020\/03\/NOUS2-600x800.jpg 600w, https:\/\/ferme-vieux-copains.fr\/wp-content\/uploads\/2020\/03\/NOUS2-225x300.jpg 225w\" sizes=\"auto, (max-width: 700px) 100vw, 700px\" \/><figcaption class=\"wp-element-caption\">rptnb<\/figcaption><\/figure>\n","protected":false},"excerpt":{"rendered":"<p>Nous sommes Lucie et Johan en couple depuis 25 ans. Nous avons deux gar\u00e7ons, Nolan et Ewen qui ont 11 et 7 ans. Nous avons parcouru le monde du travail sans r\u00e9ussir \u00e0 trouver un sens \u00e0 nos vie. Avant l&rsquo;arriv\u00e9 de notre premier enfant, nous avons commencer \u00e0 changer nos modes de consommation, bio&hellip;<a href=\"https:\/\/ferme-vieux-copains.fr\/?page_id=27\" class=\"more-link\">Continue reading <span class=\"screen-reader-text\">QUI SOMMES NOUS ?<\/span><\/a><\/p>\n","protected":false},"author":1,"featured_media":0,"parent":0,"menu_order":0,"comment_status":"closed","ping_status":"closed","template":"","meta":{"footnotes":""},"class_list":["post-27","page","type-page","status-publish","hentry"],"jetpack_sharing_enabled":true,"_links":{"self":[{"href":"https:\/\/ferme-vieux-copains.fr\/index.php?rest_route=\/wp\/v2\/pages\/27","targetHints":{"allow":["GET"]}}],"collection":[{"href":"https:\/\/ferme-vieux-copains.fr\/index.php?rest_route=\/wp\/v2\/pages"}],"about":[{"href":"https:\/\/ferme-vieux-copains.fr\/index.php?rest_route=\/wp\/v2\/types\/page"}],"author":[{"embeddable":true,"href":"https:\/\/ferme-vieux-copains.fr\/index.php?rest_route=\/wp\/v2\/users\/1"}],"replies":[{"embeddable":true,"href":"https:\/\/ferme-vieux-copains.fr\/index.php?rest_route=%2Fwp%2Fv2%2Fcomments&post=27"}],"version-history":[{"count":10,"href":"https:\/\/ferme-vieux-copains.fr\/index.php?rest_route=\/wp\/v2\/pages\/27\/revisions"}],"predecessor-version":[{"id":561,"href":"https:\/\/ferme-vieux-copains.fr\/index.php?rest_route=\/wp\/v2\/pages\/27\/revisions\/561"}],"wp:attachment":[{"href":"https:\/\/ferme-vieux-copains.fr\/index.php?rest_route=%2Fwp%2Fv2%2Fmedia&parent=27"}],"curies":[{"name":"wp","href":"https:\/\/api.w.org\/{rel}","templated":true}]}}